{"id":1195,"date":"2025-04-14T12:33:35","date_gmt":"2025-04-14T10:33:35","guid":{"rendered":"https:\/\/dev.report.swica.ch\/?page_id=1195"},"modified":"2025-04-29T14:31:25","modified_gmt":"2025-04-29T12:31:25","slug":"downloads","status":"publish","type":"page","link":"https:\/\/dev.report.swica.ch\/fr\/downloads\/","title":{"rendered":"T\u00e9l\u00e9chargements"},"content":{"rendered":" \n\n<div class=\"block block--downloads  \" id=\"downloads\" data-id=\"\">\n\n\n\t<div class=\"container container--mobile-reduce margin-bottom--big\">\n\t\t<div class=\"box js-fade js-fade-up\">\n\t\t\n\t\t\t<div class=\"container container--small\">\n\t\t\t\t<h2 class=\"delta\"><strong>T\u00e9l\u00e9chargements<\/strong><\/h2>\n\n\t\t\t\t<div class=\"flex flexgrid--gutter flex--wrap padding-top--small\">\n\n\t\t\t\t\t\t\t\t\t\t\t\t\t\t\t\t\n\t\t\t\t<\/div>\n\n\n\t\t\t\t<div class=\"flex flexgrid--gutter flex--wrap\">\n\n\t\t\t\t\t\t\t\t\t\t\t\n\n\t\t\t\t\t\t\t<div class=\"flex__item one-third lg-one-whole\">\n\t\t\t\t\t\t\t\t\n\t\t\t\t\t\t\t\t<div class=\"hr\">\n\t\t\t\t\t\t\t\t\t\n\t\t\t\t\t\t\t\t\t\n\t\t\t\t\t\t\t\t\t\t<a href=\"https:\/\/www.swica.ch\/fr\/a-propos-de-swica\/portrait\/publications\/rapports-annuels\" target=\"_blank\" class=\"link--download flex flex--middle\">\n\t\t\t\t\t\t\t\t\t\t\t<i class=\"icon-arrow-right-circle\"><\/i>\n\t\t\t\t\t\t\t\t\t\t\t<span>Archive<\/span>\n\t\t\t\t\t\t\t\t\t\t<\/a>\n\n\t\t\t\t\t\t\t\t\t\t\t\t\t\t\t\t\t<\/div>\n\n\t\t\t\t\t\t\t<\/div>\n\n\n\t\t\t\t\t\t\n\n\t\t\t\t\t\t\t<div class=\"flex__item one-third lg-one-whole\">\n\t\t\t\t\t\t\t\t\n\t\t\t\t\t\t\t\t<div class=\"hr\">\n\t\t\t\t\t\t\t\t\t\n\t\t\t\t\t\t\t\t\t\t\t\t\t\t\t\t\t<\/div>\n\n\t\t\t\t\t\t\t<\/div>\n\n\n\t\t\t\t\t\t\n\n\t\t\t\t\t\t\t<div class=\"flex__item one-third lg-one-whole\">\n\t\t\t\t\t\t\t\t\n\t\t\t\t\t\t\t\t<div class=\"hr\">\n\t\t\t\t\t\t\t\t\t\n\t\t\t\t\t\t\t\t\t\t<a href=\"https:\/\/dev.report.swica.ch\/wp-content\/uploads\/2025\/04\/SWICA-Index-GRI-2024.pdf\" class=\"link--download flex flex--middle\" download target=\"_blank\">\n\t\t\t\t\t\t\t\t\t\t\t<i class=\"icon-download\"><\/i>\n\t\t\t\t\t\t\t\t\t\t\t<span>Index GRI<\/span>\n\t\t\t\t\t\t\t\t\t\t<\/a>\n\n\t\t\t\t\t\t\t\t\t\n\t\t\t\t\t\t\t\t\t\t\t\t\t\t\t\t\t<\/div>\n\n\t\t\t\t\t\t\t<\/div>\n\n\n\t\t\t\t\t\t\t\t\t\t\t\n\t\t\t\t<\/div>\n\n\n\n\t\t\t<\/div>\n\n\t\t<\/div>\n\t<\/div>\n\n<\/div>\n\n","protected":false},"excerpt":{"rendered":"","protected":false},"author":2,"featured_media":0,"parent":0,"menu_order":0,"comment_status":"closed","ping_status":"closed","template":"page-not-boxed.php","meta":{"_acf_changed":false,"footnotes":""},"class_list":["post-1195","page","type-page","status-publish","hentry"],"acf":[],"yoast_head":"<!-- This site is optimized with the Yoast SEO plugin v24.9 - https:\/\/yoast.com\/wordpress\/plugins\/seo\/ -->\n<title>T\u00e9l\u00e9chargements \u2013 Rapport annuel 2024 \u2013 SWICA<\/title>\n<meta name=\"description\" content=\"\u00c0 la rubrique T\u00e9l\u00e9chargements, SWICA met \u00e0 disposition diverses publications au format PDF sur son rapport annuel 2024.\" \/>\n<meta name=\"robots\" content=\"noindex, follow, max-snippet:-1, max-image-preview:large, max-video-preview:-1\" \/>\n<meta property=\"og:locale\" content=\"fr_FR\" \/>\n<meta property=\"og:type\" content=\"article\" \/>\n<meta property=\"og:title\" content=\"T\u00e9l\u00e9chargements \u2013 Rapport annuel 2024 \u2013 SWICA\" \/>\n<meta property=\"og:description\" content=\"\u00c0 la rubrique T\u00e9l\u00e9chargements, SWICA met \u00e0 disposition diverses publications au format PDF sur son rapport annuel 2024.\" \/>\n<meta property=\"og:url\" content=\"https:\/\/dev.report.swica.ch\/fr\/downloads\/\" \/>\n<meta property=\"og:site_name\" content=\"dev.report.swica.ch\" \/>\n<meta property=\"article:modified_time\" content=\"2025-04-29T12:31:25+00:00\" \/>\n<meta name=\"twitter:card\" content=\"summary_large_image\" \/>\n<script type=\"application\/ld+json\" class=\"yoast-schema-graph\">{\"@context\":\"https:\/\/schema.org\",\"@graph\":[{\"@type\":\"WebPage\",\"@id\":\"https:\/\/dev.report.swica.ch\/fr\/downloads\/\",\"url\":\"https:\/\/dev.report.swica.ch\/fr\/downloads\/\",\"name\":\"T\u00e9l\u00e9chargements \u2013 Rapport annuel 2024 \u2013 SWICA\",\"isPartOf\":{\"@id\":\"https:\/\/dev.report.swica.ch\/fr\/#website\"},\"datePublished\":\"2025-04-14T10:33:35+00:00\",\"dateModified\":\"2025-04-29T12:31:25+00:00\",\"description\":\"\u00c0 la rubrique T\u00e9l\u00e9chargements, SWICA met \u00e0 disposition diverses publications au format PDF sur son rapport annuel 2024.\",\"breadcrumb\":{\"@id\":\"https:\/\/dev.report.swica.ch\/fr\/downloads\/#breadcrumb\"},\"inLanguage\":\"fr-FR\",\"potentialAction\":[{\"@type\":\"ReadAction\",\"target\":[\"https:\/\/dev.report.swica.ch\/fr\/downloads\/\"]}]},{\"@type\":\"BreadcrumbList\",\"@id\":\"https:\/\/dev.report.swica.ch\/fr\/downloads\/#breadcrumb\",\"itemListElement\":[{\"@type\":\"ListItem\",\"position\":1,\"name\":\"Startseite\",\"item\":\"https:\/\/dev.report.swica.ch\/fr\/\"},{\"@type\":\"ListItem\",\"position\":2,\"name\":\"T\u00e9l\u00e9chargements\"}]},{\"@type\":\"WebSite\",\"@id\":\"https:\/\/dev.report.swica.ch\/fr\/#website\",\"url\":\"https:\/\/dev.report.swica.ch\/fr\/\",\"name\":\"dev.report.swica.ch\",\"description\":\"\",\"publisher\":{\"@id\":\"https:\/\/dev.report.swica.ch\/fr\/#organization\"},\"potentialAction\":[{\"@type\":\"SearchAction\",\"target\":{\"@type\":\"EntryPoint\",\"urlTemplate\":\"https:\/\/dev.report.swica.ch\/fr\/?s={search_term_string}\"},\"query-input\":{\"@type\":\"PropertyValueSpecification\",\"valueRequired\":true,\"valueName\":\"search_term_string\"}}],\"inLanguage\":\"fr-FR\"},{\"@type\":\"Organization\",\"@id\":\"https:\/\/dev.report.swica.ch\/fr\/#organization\",\"name\":\"dev.report.swica.ch\",\"url\":\"https:\/\/dev.report.swica.ch\/fr\/\",\"logo\":{\"@type\":\"ImageObject\",\"inLanguage\":\"fr-FR\",\"@id\":\"https:\/\/dev.report.swica.ch\/fr\/#\/schema\/logo\/image\/\",\"url\":\"https:\/\/dev.report.swica.ch\/wp-content\/uploads\/2025\/01\/swica.svg\",\"contentUrl\":\"https:\/\/dev.report.swica.ch\/wp-content\/uploads\/2025\/01\/swica.svg\",\"caption\":\"dev.report.swica.ch\"},\"image\":{\"@id\":\"https:\/\/dev.report.swica.ch\/fr\/#\/schema\/logo\/image\/\"}}]}<\/script>\n<!-- \/ Yoast SEO plugin. -->","yoast_head_json":{"title":"T\u00e9l\u00e9chargements \u2013 Rapport annuel 2024 \u2013 SWICA","description":"\u00c0 la rubrique T\u00e9l\u00e9chargements, SWICA met \u00e0 disposition diverses publications au format PDF sur son rapport annuel 2024.","robots":{"index":"noindex","follow":"follow","max-snippet":"max-snippet:-1","max-image-preview":"max-image-preview:large","max-video-preview":"max-video-preview:-1"},"og_locale":"fr_FR","og_type":"article","og_title":"T\u00e9l\u00e9chargements \u2013 Rapport annuel 2024 \u2013 SWICA","og_description":"\u00c0 la rubrique T\u00e9l\u00e9chargements, SWICA met \u00e0 disposition diverses publications au format PDF sur son rapport annuel 2024.","og_url":"https:\/\/dev.report.swica.ch\/fr\/downloads\/","og_site_name":"dev.report.swica.ch","article_modified_time":"2025-04-29T12:31:25+00:00","twitter_card":"summary_large_image","schema":{"@context":"https:\/\/schema.org","@graph":[{"@type":"WebPage","@id":"https:\/\/dev.report.swica.ch\/fr\/downloads\/","url":"https:\/\/dev.report.swica.ch\/fr\/downloads\/","name":"T\u00e9l\u00e9chargements \u2013 Rapport annuel 2024 \u2013 SWICA","isPartOf":{"@id":"https:\/\/dev.report.swica.ch\/fr\/#website"},"datePublished":"2025-04-14T10:33:35+00:00","dateModified":"2025-04-29T12:31:25+00:00","description":"\u00c0 la rubrique T\u00e9l\u00e9chargements, SWICA met \u00e0 disposition diverses publications au format PDF sur son rapport annuel 2024.","breadcrumb":{"@id":"https:\/\/dev.report.swica.ch\/fr\/downloads\/#breadcrumb"},"inLanguage":"fr-FR","potentialAction":[{"@type":"ReadAction","target":["https:\/\/dev.report.swica.ch\/fr\/downloads\/"]}]},{"@type":"BreadcrumbList","@id":"https:\/\/dev.report.swica.ch\/fr\/downloads\/#breadcrumb","itemListElement":[{"@type":"ListItem","position":1,"name":"Startseite","item":"https:\/\/dev.report.swica.ch\/fr\/"},{"@type":"ListItem","position":2,"name":"T\u00e9l\u00e9chargements"}]},{"@type":"WebSite","@id":"https:\/\/dev.report.swica.ch\/fr\/#website","url":"https:\/\/dev.report.swica.ch\/fr\/","name":"dev.report.swica.ch","description":"","publisher":{"@id":"https:\/\/dev.report.swica.ch\/fr\/#organization"},"potentialAction":[{"@type":"SearchAction","target":{"@type":"EntryPoint","urlTemplate":"https:\/\/dev.report.swica.ch\/fr\/?s={search_term_string}"},"query-input":{"@type":"PropertyValueSpecification","valueRequired":true,"valueName":"search_term_string"}}],"inLanguage":"fr-FR"},{"@type":"Organization","@id":"https:\/\/dev.report.swica.ch\/fr\/#organization","name":"dev.report.swica.ch","url":"https:\/\/dev.report.swica.ch\/fr\/","logo":{"@type":"ImageObject","inLanguage":"fr-FR","@id":"https:\/\/dev.report.swica.ch\/fr\/#\/schema\/logo\/image\/","url":"https:\/\/dev.report.swica.ch\/wp-content\/uploads\/2025\/01\/swica.svg","contentUrl":"https:\/\/dev.report.swica.ch\/wp-content\/uploads\/2025\/01\/swica.svg","caption":"dev.report.swica.ch"},"image":{"@id":"https:\/\/dev.report.swica.ch\/fr\/#\/schema\/logo\/image\/"}}]}},"_links":{"self":[{"href":"https:\/\/dev.report.swica.ch\/fr\/wp-json\/wp\/v2\/pages\/1195","targetHints":{"allow":["GET"]}}],"collection":[{"href":"https:\/\/dev.report.swica.ch\/fr\/wp-json\/wp\/v2\/pages"}],"about":[{"href":"https:\/\/dev.report.swica.ch\/fr\/wp-json\/wp\/v2\/types\/page"}],"author":[{"embeddable":true,"href":"https:\/\/dev.report.swica.ch\/fr\/wp-json\/wp\/v2\/users\/2"}],"replies":[{"embeddable":true,"href":"https:\/\/dev.report.swica.ch\/fr\/wp-json\/wp\/v2\/comments?post=1195"}],"version-history":[{"count":1,"href":"https:\/\/dev.report.swica.ch\/fr\/wp-json\/wp\/v2\/pages\/1195\/revisions"}],"predecessor-version":[{"id":1196,"href":"https:\/\/dev.report.swica.ch\/fr\/wp-json\/wp\/v2\/pages\/1195\/revisions\/1196"}],"wp:attachment":[{"href":"https:\/\/dev.report.swica.ch\/fr\/wp-json\/wp\/v2\/media?parent=1195"}],"curies":[{"name":"wp","href":"https:\/\/api.w.org\/{rel}","templated":true}]}}